{"id":35197,"date":"2025-08-09T23:21:00","date_gmt":"2025-08-09T23:21:00","guid":{"rendered":"https:\/\/derrudelshop.de\/product\/canvas-duffle-bag-twitterrudel-wappen\/"},"modified":"2025-08-10T13:10:18","modified_gmt":"2025-08-10T13:10:18","slug":"canvas-duffle-bag-twitterrudel-wappen","status":"publish","type":"product","link":"https:\/\/derrudelshop.de\/en\/product\/canvas-duffle-bag-twitterrudel-wappen\/","title":{"rendered":"Canvas Duffle Bag Twitterrudel Wappen"},"content":{"rendered":"<p><span style=\"font-size: 13px\">Diese Duffle Bag verbindet Funktionalit\u00e4t und Stil im Unisex-Design \u2013 ideal f\u00fcr M\u00e4nner und Frauen! <\/span><span style=\"font-size: 13px\"><strong>Merkmale:<br \/><\/strong><\/span><\/p>\n<ul>\n<li style=\"text-align: start;line-height: 1.5\"><span style=\"font-size: 13px\"><strong>Material:<\/strong><\/span> Hergestellt aus hochdichtem Canvas f\u00fcr besondere Strapazierf\u00e4higkeit. &nbsp;<\/li>\n<li style=\"text-align: start;line-height: 1.5\"><span style=\"font-size: 13px\"><strong>Vielseitigkeit:<\/strong><\/span> Diese Tasche ist bequem, langlebig und abriebfest. &nbsp;<\/li>\n<li style=\"text-align: start;line-height: 1.5\"><span style=\"font-size: 13px\"><strong>Gr\u00f6\u00dfe:<\/strong><\/span> Ideal als Handgep\u00e4ck f\u00fcr Fl\u00fcge oder f\u00fcr das Packen f\u00fcr eine Woche. &nbsp;<\/li>\n<li style=\"text-align: start;line-height: 1.5\"><span style=\"font-size: 13px\"><strong>Ordnung:<\/strong><\/span> Mit F\u00e4chern f\u00fcr Handy, Geldb\u00f6rse und Stift sowie einer Rei\u00dfverschlusstasche, um deine Wertsachen gut organisiert zu halten.<span style=\"font-size: 13px\"> <\/span><span style=\"font-size: 13px\"><strong>Pflegehinweise:<br \/><\/strong><\/span><span style=\"font-size: 13px\">Bevor du die Tasche reinigst, entferne alle Gegenst\u00e4nde aus der Tasche. Es wird empfohlen, sichtbare Flecken mit einem Fleckenentferner vorzubehandeln. Mische warmes Wasser mit Waschmittel und reinige die Tasche mit einer weichen B\u00fcrste. Lass die Tasche lufttrocknen. Erlebe den perfekten Begleiter f\u00fcr deine Reisen mit unserer stilvollen Unisex Duffle Bag!<\/span><\/li>\n<\/ul>\n<p><\/p>\n<p><img decoding=\"async\" src=\"https:\/\/jetprint-hkoss.oss-cn-hongkong.aliyuncs.com\/wang\/2022\/12\/17\/7a1a6549-47cc-48ef-add0-b310d830c101.jpg\" alt=\"\" data-href=\"\" \/><\/p>\n<p><\/p>\n<p><\/p>\n<p><\/p>\n<p><\/p>","protected":false},"excerpt":{"rendered":"<p>Diese Duffle Bag verbindet Funktionalit\u00e4t und Stil im Unisex-Design \u2013 ideal f\u00fcr M\u00e4nner und Frauen! Merkmale: Material: Hergestellt aus hochdichtem Canvas f\u00fcr besondere Strapazierf\u00e4higkeit. &nbsp; Vielseitigkeit: Diese Tasche ist bequem, langlebig und abriebfest. &nbsp; Gr\u00f6\u00dfe: Ideal als Handgep\u00e4ck f\u00fcr Fl\u00fcge oder f\u00fcr das Packen f\u00fcr eine Woche. &nbsp; Ordnung: Mit F\u00e4chern f\u00fcr Handy, Geldb\u00f6rse und [&hellip;]<\/p>","protected":false},"featured_media":35199,"comment_status":"open","ping_status":"closed","template":"","meta":{"give_campaign_id":0,"product_produkt-link-pod-manuell":"","product_produktname-pod-manuell":""},"product_meine-kategorie":[803,799],"product_mypod":[625],"product_meinemotivart":[],"product_meinepersonalisierung":[],"product_mydesign":[],"product_mymodelle_hunde":[],"product_mymodelle_schuhe":[],"product_myslogan":[],"product_mytodo":[698,702,704],"product_brand":[],"product_cat":[524],"product_tag":[1120,1122,1121,1119],"shop_modelle":[],"wf_product_folders":[809],"class_list":{"0":"post-35197","1":"product","2":"type-product","3":"status-publish","4":"has-post-thumbnail","6":"product_meine-kategorie-taschen","7":"product_meine-kategorie-unterwegs-2","8":"product_mypod-jetprint-app","9":"product_mytodo-kategorien_done","10":"product_mytodo-personalisierung_done","11":"product_mytodo-translation_done","12":"product_cat-unterwegs","13":"product_tag-bag","14":"product_tag-duffle-bag","15":"product_tag-high-capacity","16":"product_tag-travel-bag","18":"first","19":"instock","20":"taxable","21":"shipping-taxable","22":"purchasable","23":"product-type-variable","24":"has-default-attributes"},"jetpack_sharing_enabled":true,"jetpack_likes_enabled":true,"_links":{"self":[{"href":"https:\/\/derrudelshop.de\/en\/wp-json\/wp\/v2\/product\/35197","targetHints":{"allow":["GET"]}}],"collection":[{"href":"https:\/\/derrudelshop.de\/en\/wp-json\/wp\/v2\/product"}],"about":[{"href":"https:\/\/derrudelshop.de\/en\/wp-json\/wp\/v2\/types\/product"}],"replies":[{"embeddable":true,"href":"https:\/\/derrudelshop.de\/en\/wp-json\/wp\/v2\/comments?post=35197"}],"version-history":[{"count":1,"href":"https:\/\/derrudelshop.de\/en\/wp-json\/wp\/v2\/product\/35197\/revisions"}],"predecessor-version":[{"id":35259,"href":"https:\/\/derrudelshop.de\/en\/wp-json\/wp\/v2\/product\/35197\/revisions\/35259"}],"wp:featuredmedia":[{"embeddable":true,"href":"https:\/\/derrudelshop.de\/en\/wp-json\/wp\/v2\/media\/35199"}],"wp:attachment":[{"href":"https:\/\/derrudelshop.de\/en\/wp-json\/wp\/v2\/media?parent=35197"}],"wp:term":[{"taxonomy":"product_meine-kategorie","embeddable":true,"href":"https:\/\/derrudelshop.de\/en\/wp-json\/wp\/v2\/product_meine-kategorie?post=35197"},{"taxonomy":"product_mypod","embeddable":true,"href":"https:\/\/derrudelshop.de\/en\/wp-json\/wp\/v2\/product_mypod?post=35197"},{"taxonomy":"product_meinemotivart","embeddable":true,"href":"https:\/\/derrudelshop.de\/en\/wp-json\/wp\/v2\/product_meinemotivart?post=35197"},{"taxonomy":"product_meinepersonalisierung","embeddable":true,"href":"https:\/\/derrudelshop.de\/en\/wp-json\/wp\/v2\/product_meinepersonalisierung?post=35197"},{"taxonomy":"product_mydesign","embeddable":true,"href":"https:\/\/derrudelshop.de\/en\/wp-json\/wp\/v2\/product_mydesign?post=35197"},{"taxonomy":"product_mymodelle_hunde","embeddable":true,"href":"https:\/\/derrudelshop.de\/en\/wp-json\/wp\/v2\/product_mymodelle_hunde?post=35197"},{"taxonomy":"product_mymodelle_schuhe","embeddable":true,"href":"https:\/\/derrudelshop.de\/en\/wp-json\/wp\/v2\/product_mymodelle_schuhe?post=35197"},{"taxonomy":"product_myslogan","embeddable":true,"href":"https:\/\/derrudelshop.de\/en\/wp-json\/wp\/v2\/product_myslogan?post=35197"},{"taxonomy":"product_mytodo","embeddable":true,"href":"https:\/\/derrudelshop.de\/en\/wp-json\/wp\/v2\/product_mytodo?post=35197"},{"taxonomy":"product_brand","embeddable":true,"href":"https:\/\/derrudelshop.de\/en\/wp-json\/wp\/v2\/product_brand?post=35197"},{"taxonomy":"product_cat","embeddable":true,"href":"https:\/\/derrudelshop.de\/en\/wp-json\/wp\/v2\/product_cat?post=35197"},{"taxonomy":"product_tag","embeddable":true,"href":"https:\/\/derrudelshop.de\/en\/wp-json\/wp\/v2\/product_tag?post=35197"},{"taxonomy":"shop_modelle","embeddable":true,"href":"https:\/\/derrudelshop.de\/en\/wp-json\/wp\/v2\/shop_modelle?post=35197"},{"taxonomy":"wf_product_folders","embeddable":true,"href":"https:\/\/derrudelshop.de\/en\/wp-json\/wp\/v2\/wf_product_folders?post=35197"}],"curies":[{"name":"wp","href":"https:\/\/api.w.org\/{rel}","templated":true}]}}