{"id":35411,"date":"2025-08-10T01:01:00","date_gmt":"2025-08-10T01:01:00","guid":{"rendered":"https:\/\/derrudelshop.de\/product\/beleuchtetes-erinnerungsstueck-forever-in-our-hearts-gold\/"},"modified":"2025-08-10T01:40:54","modified_gmt":"2025-08-10T01:40:54","slug":"beleuchtetes-erinnerungsstueck-forever-in-our-hearts-gold","status":"publish","type":"product","link":"https:\/\/derrudelshop.de\/en\/product\/beleuchtetes-erinnerungsstueck-forever-in-our-hearts-gold\/","title":{"rendered":"Beleuchtetes Erinnerungsst\u00fcck \u201eForever in our Hearts&#8220; gold"},"content":{"rendered":"<table style=\"width: 100%\">\n<tbody>\n<tr>\n<th colspan=\"1\" rowspan=\"1\" width=\"auto\" style=\"text-align: left\"> Size Guide<\/th>\n<th colspan=\"1\" rowspan=\"1\" width=\"auto\" style=\"text-align: left\">Length, cm <\/th>\n<th colspan=\"1\" rowspan=\"1\" width=\"auto\" style=\"text-align: left\">Height, cm <\/th>\n<\/tr>\n<tr>\n<td colspan=\"1\" rowspan=\"1\" width=\"auto\"> Big Star<\/td>\n<td colspan=\"1\" rowspan=\"1\" width=\"auto\">18.0<\/td>\n<td colspan=\"1\" rowspan=\"1\" width=\"auto\">16.5<\/td>\n<\/tr>\n<\/tbody>\n<\/table>\n<p>\ud83d\udc94 Ewige Erinnerung an Deinen geliebten Begleiter: Dein pers\u00f6nliches Gedenklicht<\/p>\n<p><\/p>\n<p>Wir wissen, wie tief die Liebe zu unseren tierischen Familienmitgliedern geht und wie schmerzhaft der Abschied ist. In diesen schweren Zeiten m\u00f6chten wir dir etwas anbieten, das dir Trost spendet und die unvergesslichen Momente mit deinem treuen Gef\u00e4hrten f\u00fcr immer lebendig h\u00e4lt.<\/p>\n<p>Dieses Acryl-Gedenklicht ist ein liebevolles Andenken f\u00fcr alle Tierbesitzer, die einen geliebten Vierbeiner verloren haben. Es ist ein stiller Begleiter, der dein Zuhause mit einem sanften Schimmer erf\u00fcllt und dir hilft, die wertvollen Erinnerungen an deine Fellnase zu ehren.<\/p>\n<p><strong>\u2728 Dein Gedenklicht \u2013 Ein besonderes Andenken:<\/strong><\/p>\n<p>Jedes Gedenklicht erstrahlt in sanftem Licht und bietet dir jederzeit Trost. <\/p>\n<ul>\n<li>Sanftes, augenfreundliches Licht: Unser umweltfreundliches Acryl-Paneel sorgt f\u00fcr ein angenehmes, beruhigendes Licht, das deine Augen schont und eine Atmosph\u00e4re der Geborgenheit schafft.<\/li>\n<li>Flexibel platzierbar dank USB-Anschluss: Mit seinem praktischen USB-Anschluss (Kabel inklusive!) kann dein Gedenklicht \u00fcberall dort platziert werden, wo du eine besondere Erinnerungsecke schaffen m\u00f6chtest. Ob auf dem Nachttisch, im Regal oder sogar mit einer kleinen Powerbank \u2013 es ben\u00f6tigt keine direkte Steckdose und gibt dir die Freiheit, deinen Ort des Gedenkens flexibel zu gestalten.<\/li>\n<li>Ma\u00dfe f\u00fcr deinen Lieblingsplatz: Mit einer H\u00f6he von ca. 18,0 cm und einer Breite von ca. 16,5 cm (Sternform, wie abgebildet) findet dein Gedenklicht \u00fcberall einen w\u00fcrdigen Platz.<\/li>\n<li>Pflegeleicht: Um die Sch\u00f6nheit deines Gedenklichts zu bewahren, vermeide bitte die Reibung mit rauen Oberfl\u00e4chen und verwende zur Reinigung einfach ein weiches Tuch.<\/li>\n<\/ul>\n<p>\ud83c\udf08 Lasse dieses Gedenklicht dir helfen, die Liebe und die sch\u00f6nen Erinnerungen an deinen geliebten tierischen Freund lebendig zu halten. Schaffe einen Ort des Gedenkens, der dir in schwierigen Zeiten Trost spenden wird.<\/p>\n<p>\ud83d\udc96 Mit Liebe in jedem Detail gefertigt, ist dieses Gedenklicht <strong>das perfekte Andenken f\u00fcr dich selbst oder eine aufmerksame Geste f\u00fcr einen lieben Menschen<\/strong>, der ebenfalls einen treuen Begleiter verloren hat und in dieser Zeit Trost braucht.<\/p>","protected":false},"excerpt":{"rendered":"<p>Size Guide Length, cm Height, cm Big Star 18.0 16.5 \ud83d\udc94 Ewige Erinnerung an Deinen geliebten Begleiter: Dein pers\u00f6nliches Gedenklicht Wir wissen, wie tief die Liebe zu unseren tierischen Familienmitgliedern geht und wie schmerzhaft der Abschied ist. In diesen schweren Zeiten m\u00f6chten wir dir etwas anbieten, das dir Trost spendet und die unvergesslichen Momente mit [&hellip;]<\/p>","protected":false},"featured_media":35413,"comment_status":"open","ping_status":"closed","template":"","meta":{"give_campaign_id":0,"product_produkt-link-pod-manuell":"","product_produktname-pod-manuell":""},"product_meine-kategorie":[559],"product_mypod":[625],"product_meinemotivart":[],"product_meinepersonalisierung":[],"product_mydesign":[],"product_mymodelle_hunde":[],"product_mymodelle_schuhe":[],"product_myslogan":[],"product_mytodo":[698,702,704],"product_brand":[],"product_cat":[369],"product_tag":[1044],"shop_modelle":[],"wf_product_folders":[366],"class_list":{"0":"post-35411","1":"product","2":"type-product","3":"status-publish","4":"has-post-thumbnail","6":"product_meine-kategorie-erinnerungsstucke","7":"product_mypod-jetprint-app","8":"product_mytodo-kategorien_done","9":"product_mytodo-personalisierung_done","10":"product_mytodo-translation_done","11":"product_cat-erinnerungsstucke","12":"product_tag-acrylic","14":"first","15":"instock","16":"taxable","17":"shipping-taxable","18":"purchasable","19":"product-type-variable","20":"has-default-attributes"},"jetpack_sharing_enabled":true,"jetpack_likes_enabled":true,"_links":{"self":[{"href":"https:\/\/derrudelshop.de\/en\/wp-json\/wp\/v2\/product\/35411","targetHints":{"allow":["GET"]}}],"collection":[{"href":"https:\/\/derrudelshop.de\/en\/wp-json\/wp\/v2\/product"}],"about":[{"href":"https:\/\/derrudelshop.de\/en\/wp-json\/wp\/v2\/types\/product"}],"replies":[{"embeddable":true,"href":"https:\/\/derrudelshop.de\/en\/wp-json\/wp\/v2\/comments?post=35411"}],"version-history":[{"count":1,"href":"https:\/\/derrudelshop.de\/en\/wp-json\/wp\/v2\/product\/35411\/revisions"}],"predecessor-version":[{"id":35682,"href":"https:\/\/derrudelshop.de\/en\/wp-json\/wp\/v2\/product\/35411\/revisions\/35682"}],"wp:featuredmedia":[{"embeddable":true,"href":"https:\/\/derrudelshop.de\/en\/wp-json\/wp\/v2\/media\/35413"}],"wp:attachment":[{"href":"https:\/\/derrudelshop.de\/en\/wp-json\/wp\/v2\/media?parent=35411"}],"wp:term":[{"taxonomy":"product_meine-kategorie","embeddable":true,"href":"https:\/\/derrudelshop.de\/en\/wp-json\/wp\/v2\/product_meine-kategorie?post=35411"},{"taxonomy":"product_mypod","embeddable":true,"href":"https:\/\/derrudelshop.de\/en\/wp-json\/wp\/v2\/product_mypod?post=35411"},{"taxonomy":"product_meinemotivart","embeddable":true,"href":"https:\/\/derrudelshop.de\/en\/wp-json\/wp\/v2\/product_meinemotivart?post=35411"},{"taxonomy":"product_meinepersonalisierung","embeddable":true,"href":"https:\/\/derrudelshop.de\/en\/wp-json\/wp\/v2\/product_meinepersonalisierung?post=35411"},{"taxonomy":"product_mydesign","embeddable":true,"href":"https:\/\/derrudelshop.de\/en\/wp-json\/wp\/v2\/product_mydesign?post=35411"},{"taxonomy":"product_mymodelle_hunde","embeddable":true,"href":"https:\/\/derrudelshop.de\/en\/wp-json\/wp\/v2\/product_mymodelle_hunde?post=35411"},{"taxonomy":"product_mymodelle_schuhe","embeddable":true,"href":"https:\/\/derrudelshop.de\/en\/wp-json\/wp\/v2\/product_mymodelle_schuhe?post=35411"},{"taxonomy":"product_myslogan","embeddable":true,"href":"https:\/\/derrudelshop.de\/en\/wp-json\/wp\/v2\/product_myslogan?post=35411"},{"taxonomy":"product_mytodo","embeddable":true,"href":"https:\/\/derrudelshop.de\/en\/wp-json\/wp\/v2\/product_mytodo?post=35411"},{"taxonomy":"product_brand","embeddable":true,"href":"https:\/\/derrudelshop.de\/en\/wp-json\/wp\/v2\/product_brand?post=35411"},{"taxonomy":"product_cat","embeddable":true,"href":"https:\/\/derrudelshop.de\/en\/wp-json\/wp\/v2\/product_cat?post=35411"},{"taxonomy":"product_tag","embeddable":true,"href":"https:\/\/derrudelshop.de\/en\/wp-json\/wp\/v2\/product_tag?post=35411"},{"taxonomy":"shop_modelle","embeddable":true,"href":"https:\/\/derrudelshop.de\/en\/wp-json\/wp\/v2\/shop_modelle?post=35411"},{"taxonomy":"wf_product_folders","embeddable":true,"href":"https:\/\/derrudelshop.de\/en\/wp-json\/wp\/v2\/wf_product_folders?post=35411"}],"curies":[{"name":"wp","href":"https:\/\/api.w.org\/{rel}","templated":true}]}}