{"id":36642,"date":"2025-08-10T21:45:00","date_gmt":"2025-08-10T21:45:00","guid":{"rendered":"https:\/\/derrudelshop.de\/product\/beleuchtetes-erinnerungsstueck-you-left-my-life-but-you-will-never-leave-my-heart-regenbogenhimmel-dunkel\/"},"modified":"2025-08-11T02:56:16","modified_gmt":"2025-08-11T02:56:16","slug":"beleuchtetes-erinnerungsstueck-you-left-my-life-but-you-will-never-leave-my-heart-regenbogenhimmel-dunkel","status":"publish","type":"product","link":"https:\/\/derrudelshop.de\/en\/product\/beleuchtetes-erinnerungsstueck-you-left-my-life-but-you-will-never-leave-my-heart-regenbogenhimmel-dunkel\/","title":{"rendered":"Beleuchtetes Erinnerungsst\u00fcck \u201eYou left my life but you will never leave my heart&#8220; Regenbogenhimmel dunkel"},"content":{"rendered":"<table style=\"width: 100%\">\n<tbody>\n<tr>\n<th colspan=\"1\" rowspan=\"1\" width=\"auto\" style=\"text-align: left\"> Size Guide<\/th>\n<th colspan=\"1\" rowspan=\"1\" width=\"auto\" style=\"text-align: left\">Length, cm <\/th>\n<th colspan=\"1\" rowspan=\"1\" width=\"auto\" style=\"text-align: left\">Height, cm <\/th>\n<\/tr>\n<tr>\n<td colspan=\"1\" rowspan=\"1\" width=\"auto\"> Big Star<\/td>\n<td colspan=\"1\" rowspan=\"1\" width=\"auto\">18.0<\/td>\n<td colspan=\"1\" rowspan=\"1\" width=\"auto\">16.5<\/td>\n<\/tr>\n<\/tbody>\n<\/table>\n<p><span style=\"font-size: 16px\">\ud83d\udc94Ewige Erinnerung an Ihren geliebten Tierfreund \u2013 Individuelles Acryl-Nachtlicht<br \/>In schweren Zeiten des Abschieds m\u00f6chten wir, dass Sie sich an die besonderen Momente mit Ihrem treuen Begleiter erinnern. Unser individuelles Acryl-Nachtlicht ist das perfekte Andenken f\u00fcr Tierbesitzer, die einen geliebten Vierbeiner verloren haben.<\/p>\n<p>\u2728Produktmerkmale:<\/span><\/p>\n<p><span style=\"font-size: 16px\">\u2022Einseitiger Druck: Der Fokus liegt auf Ihrem besonderen Andenken, das in sanftem Licht erstrahlt und Ihnen jederzeit Trost bietet.<\/p>\n<p>\u2022Augenfreundliches Design: Unser umweltfreundliches Acryl sch\u00fctzt Ihre Augen und schafft eine beruhigende Atmosph\u00e4re in Ihrem Zuhause. <\/p>\n<p>\u2022Pflegeleicht: Um die Sch\u00f6nheit Ihres Nachtlichts zu bewahren, vermeiden Sie bitte die Reibung mit rauen Oberfl\u00e4chen und verwenden Sie zur Reinigung ein weiches Tuch.<\/p>\n<p>\ud83c\udf08 Lassen Sie dieses Nachtlicht Ihnen helfen, die Liebe und die sch\u00f6nen Erinnerungen an Ihren geliebten tierischen Freund lebendig zu halten. Schaffen Sie einen Ort des Gedenkens, der Ihnen in schwierigen Zeiten Trost spenden wird.<br \/>\ud83d\udc96F\u00fcr Sie gemacht: Mit Liebe in jedem Detail gefertigt, ist dieses Nachtlicht das perfekte Geschenk f\u00fcr sich selbst oder f\u00fcr einen Freund, der ebenfalls einen treuen Begleiter verloren hat.<\/span><\/p>","protected":false},"excerpt":{"rendered":"<p>Size Guide Length, cm Height, cm Big Star 18.0 16.5 \ud83d\udc94Ewige Erinnerung an Ihren geliebten Tierfreund \u2013 Individuelles Acryl-NachtlichtIn schweren Zeiten des Abschieds m\u00f6chten wir, dass Sie sich an die besonderen Momente mit Ihrem treuen Begleiter erinnern. Unser individuelles Acryl-Nachtlicht ist das perfekte Andenken f\u00fcr Tierbesitzer, die einen geliebten Vierbeiner verloren haben. \u2728Produktmerkmale: \u2022Einseitiger Druck: [&hellip;]<\/p>","protected":false},"featured_media":36644,"comment_status":"open","ping_status":"closed","template":"","meta":{"give_campaign_id":0,"product_produkt-link-pod-manuell":"","product_produktname-pod-manuell":""},"product_meine-kategorie":[559],"product_mypod":[625],"product_meinemotivart":[714],"product_meinepersonalisierung":[],"product_mydesign":[],"product_mymodelle_hunde":[],"product_mymodelle_schuhe":[],"product_myslogan":[],"product_mytodo":[698,702,704],"product_brand":[],"product_cat":[369],"product_tag":[1044],"shop_modelle":[],"wf_product_folders":[366],"class_list":{"0":"post-36642","1":"product","2":"type-product","3":"status-publish","4":"has-post-thumbnail","6":"product_meine-kategorie-erinnerungsstucke","7":"product_mypod-jetprint-app","8":"product_meinemotivart-druck","9":"product_mytodo-kategorien_done","10":"product_mytodo-personalisierung_done","11":"product_mytodo-translation_done","12":"product_cat-erinnerungsstucke","13":"product_tag-acrylic","15":"first","16":"instock","17":"taxable","18":"shipping-taxable","19":"purchasable","20":"product-type-variable","21":"has-default-attributes"},"jetpack_sharing_enabled":true,"jetpack_likes_enabled":true,"_links":{"self":[{"href":"https:\/\/derrudelshop.de\/en\/wp-json\/wp\/v2\/product\/36642","targetHints":{"allow":["GET"]}}],"collection":[{"href":"https:\/\/derrudelshop.de\/en\/wp-json\/wp\/v2\/product"}],"about":[{"href":"https:\/\/derrudelshop.de\/en\/wp-json\/wp\/v2\/types\/product"}],"replies":[{"embeddable":true,"href":"https:\/\/derrudelshop.de\/en\/wp-json\/wp\/v2\/comments?post=36642"}],"version-history":[{"count":1,"href":"https:\/\/derrudelshop.de\/en\/wp-json\/wp\/v2\/product\/36642\/revisions"}],"predecessor-version":[{"id":36663,"href":"https:\/\/derrudelshop.de\/en\/wp-json\/wp\/v2\/product\/36642\/revisions\/36663"}],"wp:featuredmedia":[{"embeddable":true,"href":"https:\/\/derrudelshop.de\/en\/wp-json\/wp\/v2\/media\/36644"}],"wp:attachment":[{"href":"https:\/\/derrudelshop.de\/en\/wp-json\/wp\/v2\/media?parent=36642"}],"wp:term":[{"taxonomy":"product_meine-kategorie","embeddable":true,"href":"https:\/\/derrudelshop.de\/en\/wp-json\/wp\/v2\/product_meine-kategorie?post=36642"},{"taxonomy":"product_mypod","embeddable":true,"href":"https:\/\/derrudelshop.de\/en\/wp-json\/wp\/v2\/product_mypod?post=36642"},{"taxonomy":"product_meinemotivart","embeddable":true,"href":"https:\/\/derrudelshop.de\/en\/wp-json\/wp\/v2\/product_meinemotivart?post=36642"},{"taxonomy":"product_meinepersonalisierung","embeddable":true,"href":"https:\/\/derrudelshop.de\/en\/wp-json\/wp\/v2\/product_meinepersonalisierung?post=36642"},{"taxonomy":"product_mydesign","embeddable":true,"href":"https:\/\/derrudelshop.de\/en\/wp-json\/wp\/v2\/product_mydesign?post=36642"},{"taxonomy":"product_mymodelle_hunde","embeddable":true,"href":"https:\/\/derrudelshop.de\/en\/wp-json\/wp\/v2\/product_mymodelle_hunde?post=36642"},{"taxonomy":"product_mymodelle_schuhe","embeddable":true,"href":"https:\/\/derrudelshop.de\/en\/wp-json\/wp\/v2\/product_mymodelle_schuhe?post=36642"},{"taxonomy":"product_myslogan","embeddable":true,"href":"https:\/\/derrudelshop.de\/en\/wp-json\/wp\/v2\/product_myslogan?post=36642"},{"taxonomy":"product_mytodo","embeddable":true,"href":"https:\/\/derrudelshop.de\/en\/wp-json\/wp\/v2\/product_mytodo?post=36642"},{"taxonomy":"product_brand","embeddable":true,"href":"https:\/\/derrudelshop.de\/en\/wp-json\/wp\/v2\/product_brand?post=36642"},{"taxonomy":"product_cat","embeddable":true,"href":"https:\/\/derrudelshop.de\/en\/wp-json\/wp\/v2\/product_cat?post=36642"},{"taxonomy":"product_tag","embeddable":true,"href":"https:\/\/derrudelshop.de\/en\/wp-json\/wp\/v2\/product_tag?post=36642"},{"taxonomy":"shop_modelle","embeddable":true,"href":"https:\/\/derrudelshop.de\/en\/wp-json\/wp\/v2\/shop_modelle?post=36642"},{"taxonomy":"wf_product_folders","embeddable":true,"href":"https:\/\/derrudelshop.de\/en\/wp-json\/wp\/v2\/wf_product_folders?post=36642"}],"curies":[{"name":"wp","href":"https:\/\/api.w.org\/{rel}","templated":true}]}}