{"id":36700,"date":"2025-08-11T03:37:12","date_gmt":"2025-08-11T03:37:12","guid":{"rendered":"https:\/\/derrudelshop.de\/product\/stylisher-neckholder-tankini\/"},"modified":"2025-08-11T04:21:37","modified_gmt":"2025-08-11T04:21:37","slug":"stylisher-neckholder-tankini","status":"publish","type":"product","link":"https:\/\/derrudelshop.de\/en\/product\/stylisher-neckholder-tankini\/","title":{"rendered":"Stylisher Neckholder-Tankini"},"content":{"rendered":"<table style=\"width: 100%\">\n<tbody>\n<tr>\n<th colspan=\"1\" rowspan=\"1\" width=\"auto\" style=\"text-align: left\"> Size Guide<\/th>\n<th colspan=\"1\" rowspan=\"1\" width=\"auto\" style=\"text-align: left\">Front Length, cm <\/th>\n<th colspan=\"1\" rowspan=\"1\" width=\"auto\" style=\"text-align: left\">Bust, cm <\/th>\n<th colspan=\"1\" rowspan=\"1\" width=\"auto\" style=\"text-align: left\">1\/2Waist, cm <\/th>\n<th colspan=\"1\" rowspan=\"1\" width=\"auto\" style=\"text-align: left\">Shoulder Strap, cm <\/th>\n<\/tr>\n<tr>\n<td colspan=\"1\" rowspan=\"1\" width=\"auto\"> XS<\/td>\n<td colspan=\"1\" rowspan=\"1\" width=\"auto\">54 <\/td>\n<td colspan=\"1\" rowspan=\"1\" width=\"auto\">84 <\/td>\n<td colspan=\"1\" rowspan=\"1\" width=\"auto\">32.5 <\/td>\n<td colspan=\"1\" rowspan=\"1\" width=\"auto\">120 <\/td>\n<\/tr>\n<tr>\n<td colspan=\"1\" rowspan=\"1\" width=\"auto\"> S<\/td>\n<td colspan=\"1\" rowspan=\"1\" width=\"auto\">55 <\/td>\n<td colspan=\"1\" rowspan=\"1\" width=\"auto\">88 <\/td>\n<td colspan=\"1\" rowspan=\"1\" width=\"auto\">35 <\/td>\n<td colspan=\"1\" rowspan=\"1\" width=\"auto\">120 <\/td>\n<\/tr>\n<tr>\n<td colspan=\"1\" rowspan=\"1\" width=\"auto\"> M<\/td>\n<td colspan=\"1\" rowspan=\"1\" width=\"auto\">56 <\/td>\n<td colspan=\"1\" rowspan=\"1\" width=\"auto\">92 <\/td>\n<td colspan=\"1\" rowspan=\"1\" width=\"auto\">37.5 <\/td>\n<td colspan=\"1\" rowspan=\"1\" width=\"auto\">120 <\/td>\n<\/tr>\n<tr>\n<td colspan=\"1\" rowspan=\"1\" width=\"auto\"> L<\/td>\n<td colspan=\"1\" rowspan=\"1\" width=\"auto\">57<\/td>\n<td colspan=\"1\" rowspan=\"1\" width=\"auto\">97 <\/td>\n<td colspan=\"1\" rowspan=\"1\" width=\"auto\">40 <\/td>\n<td colspan=\"1\" rowspan=\"1\" width=\"auto\">120 <\/td>\n<\/tr>\n<tr>\n<td colspan=\"1\" rowspan=\"1\" width=\"auto\"> XL<\/td>\n<td colspan=\"1\" rowspan=\"1\" width=\"auto\">58 <\/td>\n<td colspan=\"1\" rowspan=\"1\" width=\"auto\">102 <\/td>\n<td colspan=\"1\" rowspan=\"1\" width=\"auto\">42.5 <\/td>\n<td colspan=\"1\" rowspan=\"1\" width=\"auto\">120 <\/td>\n<\/tr>\n<tr>\n<td colspan=\"1\" rowspan=\"1\" width=\"auto\"> 2XL<\/td>\n<td colspan=\"1\" rowspan=\"1\" width=\"auto\">59 <\/td>\n<td colspan=\"1\" rowspan=\"1\" width=\"auto\">104 <\/td>\n<td colspan=\"1\" rowspan=\"1\" width=\"auto\">45 <\/td>\n<td colspan=\"1\" rowspan=\"1\" width=\"auto\">120 <\/td>\n<\/tr>\n<\/tbody>\n<\/table>\n<p><\/p>\n<p><strong>\u2600\ufe0f Stylischer 2-Teiler Tankini \u2013 Komfort &amp; Eleganz f\u00fcr den Sommer<\/strong><\/p>\n<p>Mit diesem modernen <strong>Tankini-Set<\/strong> bist du f\u00fcr jeden Sommermoment perfekt gestylt \u2013 ob am Strand, Pool oder auf einer tropischen Insel. Das hochwertige Material aus <strong>86% Polyester &amp; 14% Spandex<\/strong> bietet eine perfekte Mischung aus Elastizit\u00e4t, Komfort und Langlebigkeit. Die <strong>verstellbaren elastischen Tr\u00e4ger<\/strong> sorgen f\u00fcr optimalen Halt und eine individuelle Passform, w\u00e4hrend die brillanten Farben lange strahlend sch\u00f6n bleiben.<\/p>\n<p>\u2728 <strong>Details:<\/strong><\/p>\n<ul>\n<li>Zweiteiliges Tankini-Set \u2013 Oberteil + passende Hose<\/li>\n<li>Gr\u00f6\u00dfen: S \u2013 2XL<\/li>\n<li>Fashion-forward Design mit kr\u00e4ftigen, leuchtenden Farben<\/li>\n<li>Ideal f\u00fcr: Strandtage, Poolpartys, Urlaub, Reisen, Honeymoon &amp; Sommerfeste<\/li>\n<li>Bequem &amp; figurfreundlich \u2013 perfekt f\u00fcr aktive Tage am Wasser<\/li>\n<\/ul>\n<p>Ob beim Sonnenbaden, Schwimmen oder auf Entdeckungstour \u2013 dieser Tankini vereint <strong>Stil, Funktionalit\u00e4t und sommerliche Leichtigkeit<\/strong>.<\/p>\n<p><strong>Style-Tipp:<\/strong> Trage ihn mit einem Strohhut und einer Sonnenbrille f\u00fcr einen entspannten Resort-Look<\/p>","protected":false},"excerpt":{"rendered":"<p>Size Guide Front Length, cm Bust, cm 1\/2Waist, cm Shoulder Strap, cm XS 54 84 32.5 120 S 55 88 35 120 M 56 92 37.5 120 L 57 97 40 120 XL 58 102 42.5 120 2XL 59 104 45 120 \u2600\ufe0f Stylischer 2-Teiler Tankini \u2013 Komfort &amp; Eleganz f\u00fcr den Sommer Mit diesem [&hellip;]<\/p>","protected":false},"featured_media":36702,"comment_status":"open","ping_status":"closed","template":"","meta":{"give_campaign_id":0,"product_produkt-link-pod-manuell":"","product_produktname-pod-manuell":""},"product_meine-kategorie":[1050,1053],"product_mypod":[625],"product_meinemotivart":[714],"product_meinepersonalisierung":[],"product_mydesign":[],"product_mymodelle_hunde":[],"product_mymodelle_schuhe":[],"product_myslogan":[],"product_mytodo":[698,702,704],"product_brand":[],"product_cat":[334],"product_tag":[1132],"shop_modelle":[],"wf_product_folders":[1055],"class_list":{"0":"post-36700","1":"product","2":"type-product","3":"status-publish","4":"has-post-thumbnail","6":"product_meine-kategorie-bademode","7":"product_meine-kategorie-tankini","8":"product_mypod-jetprint-app","9":"product_meinemotivart-druck","10":"product_mytodo-kategorien_done","11":"product_mytodo-personalisierung_done","12":"product_mytodo-translation_done","13":"product_cat-kleidung","14":"product_tag-beach-swimwear","16":"first","17":"instock","18":"taxable","19":"shipping-taxable","20":"purchasable","21":"product-type-variable","22":"has-default-attributes"},"jetpack_sharing_enabled":true,"jetpack_likes_enabled":true,"_links":{"self":[{"href":"https:\/\/derrudelshop.de\/en\/wp-json\/wp\/v2\/product\/36700","targetHints":{"allow":["GET"]}}],"collection":[{"href":"https:\/\/derrudelshop.de\/en\/wp-json\/wp\/v2\/product"}],"about":[{"href":"https:\/\/derrudelshop.de\/en\/wp-json\/wp\/v2\/types\/product"}],"replies":[{"embeddable":true,"href":"https:\/\/derrudelshop.de\/en\/wp-json\/wp\/v2\/comments?post=36700"}],"version-history":[{"count":1,"href":"https:\/\/derrudelshop.de\/en\/wp-json\/wp\/v2\/product\/36700\/revisions"}],"predecessor-version":[{"id":36728,"href":"https:\/\/derrudelshop.de\/en\/wp-json\/wp\/v2\/product\/36700\/revisions\/36728"}],"wp:featuredmedia":[{"embeddable":true,"href":"https:\/\/derrudelshop.de\/en\/wp-json\/wp\/v2\/media\/36702"}],"wp:attachment":[{"href":"https:\/\/derrudelshop.de\/en\/wp-json\/wp\/v2\/media?parent=36700"}],"wp:term":[{"taxonomy":"product_meine-kategorie","embeddable":true,"href":"https:\/\/derrudelshop.de\/en\/wp-json\/wp\/v2\/product_meine-kategorie?post=36700"},{"taxonomy":"product_mypod","embeddable":true,"href":"https:\/\/derrudelshop.de\/en\/wp-json\/wp\/v2\/product_mypod?post=36700"},{"taxonomy":"product_meinemotivart","embeddable":true,"href":"https:\/\/derrudelshop.de\/en\/wp-json\/wp\/v2\/product_meinemotivart?post=36700"},{"taxonomy":"product_meinepersonalisierung","embeddable":true,"href":"https:\/\/derrudelshop.de\/en\/wp-json\/wp\/v2\/product_meinepersonalisierung?post=36700"},{"taxonomy":"product_mydesign","embeddable":true,"href":"https:\/\/derrudelshop.de\/en\/wp-json\/wp\/v2\/product_mydesign?post=36700"},{"taxonomy":"product_mymodelle_hunde","embeddable":true,"href":"https:\/\/derrudelshop.de\/en\/wp-json\/wp\/v2\/product_mymodelle_hunde?post=36700"},{"taxonomy":"product_mymodelle_schuhe","embeddable":true,"href":"https:\/\/derrudelshop.de\/en\/wp-json\/wp\/v2\/product_mymodelle_schuhe?post=36700"},{"taxonomy":"product_myslogan","embeddable":true,"href":"https:\/\/derrudelshop.de\/en\/wp-json\/wp\/v2\/product_myslogan?post=36700"},{"taxonomy":"product_mytodo","embeddable":true,"href":"https:\/\/derrudelshop.de\/en\/wp-json\/wp\/v2\/product_mytodo?post=36700"},{"taxonomy":"product_brand","embeddable":true,"href":"https:\/\/derrudelshop.de\/en\/wp-json\/wp\/v2\/product_brand?post=36700"},{"taxonomy":"product_cat","embeddable":true,"href":"https:\/\/derrudelshop.de\/en\/wp-json\/wp\/v2\/product_cat?post=36700"},{"taxonomy":"product_tag","embeddable":true,"href":"https:\/\/derrudelshop.de\/en\/wp-json\/wp\/v2\/product_tag?post=36700"},{"taxonomy":"shop_modelle","embeddable":true,"href":"https:\/\/derrudelshop.de\/en\/wp-json\/wp\/v2\/shop_modelle?post=36700"},{"taxonomy":"wf_product_folders","embeddable":true,"href":"https:\/\/derrudelshop.de\/en\/wp-json\/wp\/v2\/wf_product_folders?post=36700"}],"curies":[{"name":"wp","href":"https:\/\/api.w.org\/{rel}","templated":true}]}}