{"id":3702,"date":"2025-04-28T14:35:17","date_gmt":"2025-04-28T14:35:17","guid":{"rendered":"https:\/\/derrudelshop.de\/?post_type=product&#038;p=3702"},"modified":"2025-05-04T06:32:03","modified_gmt":"2025-05-04T06:32:03","slug":"stanley-stella-frauen-boxy-bio-t-shirt-nova-twitterrudel-wappen-klein","status":"publish","type":"product","link":"https:\/\/derrudelshop.de\/en\/product\/stanley-stella-frauen-boxy-bio-t-shirt-nova-twitterrudel-wappen-klein\/","title":{"rendered":"Stanley\/Stella Frauen Boxy Bio-T-Shirt Nova Twitterrudel Wappen klein"},"content":{"rendered":"<ul class=\"listMCE\">\n<li>\nWeites, gerade geschnittenes Frauen T-Shirt mit Rundhalsausschnitt und eingesetzten \u00c4rmeln\n<\/li>\n<li>\nMit 1&#215;1-Rippstrick am Halsausschnitt\n<\/li>\n<li>\nNackenband innen aus Eigenstoff\n<\/li>\n<li>\nMit enger Doppelnaht an \u00c4rmelb\u00fcndchen und Saum\n<\/li>\n<li>\nStoffdichte: 155 g\/m\u00b2\n<\/li>\n<li>\nMaterial: 100% Baumwolle (aus biologischem Anbau)\n<\/li>\n<li>\nMarke: Stanley\/Stella\n<\/li>\n<\/ul>\n<div class=\"size-table\">\n<div class=\"size-image-wrapper\"><img decoding=\"async\" src=\"https:\/\/image.spreadshirtmedia.net\/image-server\/v1\/productTypes\/3022\/variants\/size?width=200&amp;height=200\" width=\"200\" height=\"200\" alt=\"Stanley\/Stella Frauen Boxy Bio-T-Shirt Nova\" \/><\/p>\n<div class=\"size-hint\">normal<\/div>\n<\/div>\n<div class=\"size-table-wrapper\">\n<table>\n<thead>\n<tr>\n<th><\/th>\n<th class=\"measure-name\">A<\/th>\n<th class=\"measure-name\">B<\/th>\n<th class=\"measure-name\">C<\/th>\n<\/tr>\n<\/thead>\n<tbody>\n<tr class=\"size size-1\">\n<td class=\"size-cell\">XS<\/td>\n<td class=\"measure-cell measure-cell-0\">530 mm<\/td>\n<td class=\"measure-cell measure-cell-1\">510 mm<\/td>\n<td class=\"measure-cell measure-cell-2\">185 mm<\/td>\n<\/tr>\n<tr class=\"size size-2\">\n<td class=\"size-cell\">S<\/td>\n<td class=\"measure-cell measure-cell-0\">560 mm<\/td>\n<td class=\"measure-cell measure-cell-1\">540 mm<\/td>\n<td class=\"measure-cell measure-cell-2\">190 mm<\/td>\n<\/tr>\n<tr class=\"size size-3\">\n<td class=\"size-cell\">M<\/td>\n<td class=\"measure-cell measure-cell-0\">580 mm<\/td>\n<td class=\"measure-cell measure-cell-1\">570 mm<\/td>\n<td class=\"measure-cell measure-cell-2\">195 mm<\/td>\n<\/tr>\n<tr class=\"size size-4\">\n<td class=\"size-cell\">L<\/td>\n<td class=\"measure-cell measure-cell-0\">600 mm<\/td>\n<td class=\"measure-cell measure-cell-1\">600 mm<\/td>\n<td class=\"measure-cell measure-cell-2\">200 mm<\/td>\n<\/tr>\n<tr class=\"size size-5\">\n<td class=\"size-cell\">XL<\/td>\n<td class=\"measure-cell measure-cell-0\">620 mm<\/td>\n<td class=\"measure-cell measure-cell-1\">630 mm<\/td>\n<td class=\"measure-cell measure-cell-2\">205 mm<\/td>\n<\/tr>\n<tr class=\"size size-6\">\n<td class=\"size-cell\">XXL<\/td>\n<td class=\"measure-cell measure-cell-0\">640 mm<\/td>\n<td class=\"measure-cell measure-cell-1\">670 mm<\/td>\n<td class=\"measure-cell measure-cell-2\">210 mm<\/td>\n<\/tr>\n<\/tbody>\n<\/table>\n<\/div>\n<\/div>","protected":false},"excerpt":{"rendered":"<p>Weites, gerade geschnittenes Frauen T-Shirt mit Rundhalsausschnitt und eingesetzten \u00c4rmeln Mit 1&#215;1-Rippstrick am Halsausschnitt Nackenband innen aus Eigenstoff Mit enger Doppelnaht an \u00c4rmelb\u00fcndchen und Saum Stoffdichte: 155 g\/m\u00b2 Material: 100% Baumwolle (aus biologischem Anbau) Marke: Stanley\/Stella normal A B C XS 530 mm 510 mm 185 mm S 560 mm 540 mm 190 mm M [&hellip;]<\/p>","protected":false},"featured_media":30123,"comment_status":"open","ping_status":"closed","template":"","meta":{"give_campaign_id":0,"product_produkt-link-pod-manuell":"","product_produktname-pod-manuell":""},"product_meine-kategorie":[561,563],"product_mypod":[638],"product_meinemotivart":[714],"product_meinepersonalisierung":[],"product_mydesign":[640],"product_mymodelle_hunde":[],"product_mymodelle_schuhe":[],"product_myslogan":[],"product_mytodo":[693,696,698,700,708,702,704,961],"product_brand":[],"product_cat":[334],"product_tag":[],"shop_modelle":[168],"wf_product_folders":[431,432],"class_list":{"0":"post-3702","1":"product","2":"type-product","3":"status-publish","4":"has-post-thumbnail","6":"product_meine-kategorie-kleidung","7":"product_meine-kategorie-t-shirts","8":"product_mypod-spod","9":"product_meinemotivart-druck","10":"product_mydesign-twitterrudel-wappen","11":"product_mytodo-_feddisch","12":"product_mytodo-designs_done","13":"product_mytodo-kategorien_done","14":"product_mytodo-modelle_done","15":"product_mytodo-motivart_done","16":"product_mytodo-personalisierung_done","17":"product_mytodo-translation_done","18":"product_mytodo-zchild-parent-modell-","19":"product_cat-kleidung","20":"pa_farbe-anthrazit","21":"pa_farbe-antikblaues-saphir-meliert","22":"pa_farbe-azalea","23":"pa_farbe-beige","24":"pa_farbe-blau","25":"pa_farbe-blau-meliert","26":"pa_farbe-bordeaux","27":"pa_farbe-creme","28":"pa_farbe-dunkelblau","29":"pa_farbe-dunkelgrau","30":"pa_farbe-dunkelgrau-meliert","31":"pa_farbe-dunkellila","32":"pa_farbe-dunkles-petrol","33":"pa_farbe-flaschengrun","34":"pa_farbe-gold","35":"pa_farbe-grau-meliert","36":"pa_farbe-graugrun","37":"pa_farbe-grun-meliert","38":"pa_farbe-hellgrau-meliert","39":"pa_farbe-hellgrun","40":"pa_farbe-hellrosa","41":"pa_farbe-kelly-green","42":"pa_farbe-khaki","43":"pa_farbe-lavendel","44":"pa_farbe-light-navy","45":"pa_farbe-maroon","46":"pa_farbe-mattweis","47":"pa_farbe-militargrun","48":"pa_farbe-mittelgrau","49":"pa_farbe-mokka","50":"pa_farbe-naturweis","51":"pa_farbe-navy","52":"pa_farbe-navy-meliert","53":"pa_farbe-nebelblau","54":"pa_farbe-off-white","55":"pa_farbe-pastellturkis","56":"pa_farbe-pfirsich","57":"pa_farbe-pink","58":"pa_farbe-rosegold","59":"pa_farbe-rot","60":"pa_farbe-rot-meliert","61":"pa_farbe-royalblau","62":"pa_farbe-sahara","63":"pa_farbe-sand","64":"pa_farbe-schwarz","65":"pa_farbe-silber","66":"pa_farbe-steingrau","67":"pa_farbe-tiefseeblau","68":"pa_farbe-transparent-glanzend","69":"pa_farbe-vanille-milchshake","70":"pa_farbe-weis","71":"pa_farbe-weis-glanzend","72":"pa_farbe-weis-meliert","73":"pa_farbe-weisgrau","74":"pa_farbe-zitronengelb","75":"pa_groesse-10-x-10-cm","76":"pa_groesse-07_3xl","77":"pa_groesse-08_4xl","78":"pa_groesse-04l","79":"pa_groesse-03m","80":"pa_groesse-99one-size","81":"pa_groesse-02s","82":"pa_groesse-05xl","83":"pa_groesse-01xs","84":"pa_groesse-06xxl","85":"shop_modelle-stanley-stella-nova-sttw175","87":"first","88":"instock","89":"taxable","90":"shipping-taxable","91":"purchasable","92":"product-type-variable"},"jetpack_sharing_enabled":true,"jetpack_likes_enabled":true,"_links":{"self":[{"href":"https:\/\/derrudelshop.de\/en\/wp-json\/wp\/v2\/product\/3702","targetHints":{"allow":["GET"]}}],"collection":[{"href":"https:\/\/derrudelshop.de\/en\/wp-json\/wp\/v2\/product"}],"about":[{"href":"https:\/\/derrudelshop.de\/en\/wp-json\/wp\/v2\/types\/product"}],"replies":[{"embeddable":true,"href":"https:\/\/derrudelshop.de\/en\/wp-json\/wp\/v2\/comments?post=3702"}],"version-history":[{"count":0,"href":"https:\/\/derrudelshop.de\/en\/wp-json\/wp\/v2\/product\/3702\/revisions"}],"wp:featuredmedia":[{"embeddable":true,"href":"https:\/\/derrudelshop.de\/en\/wp-json\/wp\/v2\/media\/30123"}],"wp:attachment":[{"href":"https:\/\/derrudelshop.de\/en\/wp-json\/wp\/v2\/media?parent=3702"}],"wp:term":[{"taxonomy":"product_meine-kategorie","embeddable":true,"href":"https:\/\/derrudelshop.de\/en\/wp-json\/wp\/v2\/product_meine-kategorie?post=3702"},{"taxonomy":"product_mypod","embeddable":true,"href":"https:\/\/derrudelshop.de\/en\/wp-json\/wp\/v2\/product_mypod?post=3702"},{"taxonomy":"product_meinemotivart","embeddable":true,"href":"https:\/\/derrudelshop.de\/en\/wp-json\/wp\/v2\/product_meinemotivart?post=3702"},{"taxonomy":"product_meinepersonalisierung","embeddable":true,"href":"https:\/\/derrudelshop.de\/en\/wp-json\/wp\/v2\/product_meinepersonalisierung?post=3702"},{"taxonomy":"product_mydesign","embeddable":true,"href":"https:\/\/derrudelshop.de\/en\/wp-json\/wp\/v2\/product_mydesign?post=3702"},{"taxonomy":"product_mymodelle_hunde","embeddable":true,"href":"https:\/\/derrudelshop.de\/en\/wp-json\/wp\/v2\/product_mymodelle_hunde?post=3702"},{"taxonomy":"product_mymodelle_schuhe","embeddable":true,"href":"https:\/\/derrudelshop.de\/en\/wp-json\/wp\/v2\/product_mymodelle_schuhe?post=3702"},{"taxonomy":"product_myslogan","embeddable":true,"href":"https:\/\/derrudelshop.de\/en\/wp-json\/wp\/v2\/product_myslogan?post=3702"},{"taxonomy":"product_mytodo","embeddable":true,"href":"https:\/\/derrudelshop.de\/en\/wp-json\/wp\/v2\/product_mytodo?post=3702"},{"taxonomy":"product_brand","embeddable":true,"href":"https:\/\/derrudelshop.de\/en\/wp-json\/wp\/v2\/product_brand?post=3702"},{"taxonomy":"product_cat","embeddable":true,"href":"https:\/\/derrudelshop.de\/en\/wp-json\/wp\/v2\/product_cat?post=3702"},{"taxonomy":"product_tag","embeddable":true,"href":"https:\/\/derrudelshop.de\/en\/wp-json\/wp\/v2\/product_tag?post=3702"},{"taxonomy":"shop_modelle","embeddable":true,"href":"https:\/\/derrudelshop.de\/en\/wp-json\/wp\/v2\/shop_modelle?post=3702"},{"taxonomy":"wf_product_folders","embeddable":true,"href":"https:\/\/derrudelshop.de\/en\/wp-json\/wp\/v2\/wf_product_folders?post=3702"}],"curies":[{"name":"wp","href":"https:\/\/api.w.org\/{rel}","templated":true}]}}