{"id":5158,"date":"2025-04-17T13:02:00","date_gmt":"2025-04-17T13:02:00","guid":{"rendered":"https:\/\/derrudelshop.de\/?post_type=product&#038;p=5158"},"modified":"2025-05-04T10:39:05","modified_gmt":"2025-05-04T10:39:05","slug":"unisex-hoodie-laut-gegen-rechts-flockdruck","status":"publish","type":"product","link":"https:\/\/derrudelshop.de\/en\/product\/unisex-hoodie-laut-gegen-rechts-flockdruck\/","title":{"rendered":"Unisex Hoodie Laut gegen Rechts Flockdruck"},"content":{"rendered":"<p>Kuschelig, warm und urgem\u00fctlich: Dieser Hoodie ist ein echtes Wohlf\u00fchl-Basic, das in jedem gut sortierten Damen- und Herren-Kleiderschrank einen Platz haben sollte. <\/p>\n<ul class=\"listMCE\">\n<li>\nUnisex-Schnitt: sitzt bei M\u00e4nnern k\u00f6rpernah, bei Frauen weit (im Zweifel entsprechend gr\u00f6\u00dfer oder kleiner bestellen)\n<\/li>\n<li>\nKapuze mit Tunnelzug und Kordel\n<\/li>\n<li>\nAufgesetzte K\u00e4ngurutasche vorn\n<\/li>\n<li>\nAngenehm glatte, robuste Stoffqualit\u00e4t (280 g\/m\u00b2) und weich angeraute Innenseite\n<\/li>\n<li>\nMaterial: 80% Baumwolle, 20% Polyester (Anthrazit: 52% Baumwolle, 48% Polyester; Hellgrau meliert: 75% Baumwolle, 25% Polyester)\n<\/li>\n<li>\nHerstellerbedingt sind nur folgende Farben in Gr\u00f6\u00dfe 4XL erh\u00e4ltlich: Schwarz, Navy, Hellgrau meliert, Flaschengr\u00fcn\n<\/li>\n<li>\nMarke: AWDis\n<\/li>\n<\/ul>\n<div class=\"size-table\">\n<div class=\"size-image-wrapper\"><img decoding=\"async\" src=\"https:\/\/image.spreadshirtmedia.net\/image-server\/v1\/productTypes\/1047\/variants\/size?width=200&amp;height=200\" width=\"200\" height=\"200\" alt=\"Unisex Hoodie\" \/><\/p>\n<div class=\"size-hint\">normal<\/div>\n<\/div>\n<div class=\"size-table-wrapper\">\n<table>\n<thead>\n<tr>\n<th><\/th>\n<th class=\"measure-name\">A<\/th>\n<th class=\"measure-name\">B<\/th>\n<th class=\"measure-name\">C<\/th>\n<\/tr>\n<\/thead>\n<tbody>\n<tr class=\"size size-2\">\n<td class=\"size-cell\">S<\/td>\n<td class=\"measure-cell measure-cell-0\">670 mm<\/td>\n<td class=\"measure-cell measure-cell-1\">510 mm<\/td>\n<td class=\"measure-cell measure-cell-2\">590 mm<\/td>\n<\/tr>\n<tr class=\"size size-3\">\n<td class=\"size-cell\">M<\/td>\n<td class=\"measure-cell measure-cell-0\">700 mm<\/td>\n<td class=\"measure-cell measure-cell-1\">560 mm<\/td>\n<td class=\"measure-cell measure-cell-2\">605 mm<\/td>\n<\/tr>\n<tr class=\"size size-4\">\n<td class=\"size-cell\">L<\/td>\n<td class=\"measure-cell measure-cell-0\">730 mm<\/td>\n<td class=\"measure-cell measure-cell-1\">610 mm<\/td>\n<td class=\"measure-cell measure-cell-2\">620 mm<\/td>\n<\/tr>\n<tr class=\"size size-5\">\n<td class=\"size-cell\">XL<\/td>\n<td class=\"measure-cell measure-cell-0\">760 mm<\/td>\n<td class=\"measure-cell measure-cell-1\">650 mm<\/td>\n<td class=\"measure-cell measure-cell-2\">635 mm<\/td>\n<\/tr>\n<tr class=\"size size-6\">\n<td class=\"size-cell\">XXL<\/td>\n<td class=\"measure-cell measure-cell-0\">790 mm<\/td>\n<td class=\"measure-cell measure-cell-1\">690 mm<\/td>\n<td class=\"measure-cell measure-cell-2\">650 mm<\/td>\n<\/tr>\n<tr class=\"size size-38\">\n<td class=\"size-cell\">3XL<\/td>\n<td class=\"measure-cell measure-cell-0\">820 mm<\/td>\n<td class=\"measure-cell measure-cell-1\">730 mm<\/td>\n<td class=\"measure-cell measure-cell-2\">665 mm<\/td>\n<\/tr>\n<tr class=\"size size-94\">\n<td class=\"size-cell\">4XL<\/td>\n<td class=\"measure-cell measure-cell-0\">860 mm<\/td>\n<td class=\"measure-cell measure-cell-1\">780 mm<\/td>\n<td class=\"measure-cell measure-cell-2\">685 mm<\/td>\n<\/tr>\n<\/tbody>\n<\/table>\n<\/div>\n<\/div>","protected":false},"excerpt":{"rendered":"<p>Kuschelig, warm und urgem\u00fctlich: Dieser Hoodie ist ein echtes Wohlf\u00fchl-Basic, das in jedem gut sortierten Damen- und Herren-Kleiderschrank einen Platz haben sollte. Unisex-Schnitt: sitzt bei M\u00e4nnern k\u00f6rpernah, bei Frauen weit (im Zweifel entsprechend gr\u00f6\u00dfer oder kleiner bestellen) Kapuze mit Tunnelzug und Kordel Aufgesetzte K\u00e4ngurutasche vorn Angenehm glatte, robuste Stoffqualit\u00e4t (280 g\/m\u00b2) und weich angeraute Innenseite [&hellip;]<\/p>","protected":false},"featured_media":5149,"comment_status":"open","ping_status":"closed","template":"","meta":{"give_campaign_id":0,"product_produkt-link-pod-manuell":"","product_produktname-pod-manuell":""},"product_meine-kategorie":[562,561],"product_mypod":[638],"product_meinemotivart":[715],"product_meinepersonalisierung":[],"product_mydesign":[674],"product_mymodelle_hunde":[],"product_mymodelle_schuhe":[],"product_myslogan":[],"product_mytodo":[693,696,698,700,708,702,704,961],"product_brand":[],"product_cat":[334],"product_tag":[],"shop_modelle":[96],"wf_product_folders":[434,431],"class_list":{"0":"post-5158","1":"product","2":"type-product","3":"status-publish","4":"has-post-thumbnail","6":"product_meine-kategorie-hoodies-sweater","7":"product_meine-kategorie-kleidung","8":"product_mypod-spod","9":"product_meinemotivart-flockdruck","10":"product_mydesign-laut-gegen-rechts","11":"product_mytodo-_feddisch","12":"product_mytodo-designs_done","13":"product_mytodo-kategorien_done","14":"product_mytodo-modelle_done","15":"product_mytodo-motivart_done","16":"product_mytodo-personalisierung_done","17":"product_mytodo-translation_done","18":"product_mytodo-zchild-parent-modell-","19":"product_cat-kleidung","20":"pa_farbe-anthrazit","21":"pa_farbe-azalea","22":"pa_farbe-beige","23":"pa_farbe-bordeaux","24":"pa_farbe-dunkellila","25":"pa_farbe-flaschengrun","26":"pa_farbe-grau-meliert","27":"pa_farbe-graugrun","28":"pa_farbe-hellgrau-meliert","29":"pa_farbe-kelly-green","30":"pa_farbe-lavendel","31":"pa_farbe-mittelgrau","32":"pa_farbe-mokka","33":"pa_farbe-naturweis","34":"pa_farbe-navy","35":"pa_farbe-nebelblau","36":"pa_farbe-pastellturkis","37":"pa_farbe-pfirsich","38":"pa_farbe-pink","39":"pa_farbe-rot","40":"pa_farbe-royalblau","41":"pa_farbe-schwarz","42":"pa_farbe-tiefseeblau","43":"pa_farbe-vanille-milchshake","44":"pa_farbe-weis","45":"pa_farbe-weis-meliert","46":"pa_farbe-zitronengelb","47":"pa_groesse-07_3xl","48":"pa_groesse-08_4xl","49":"pa_groesse-04l","50":"pa_groesse-03m","51":"pa_groesse-02s","52":"pa_groesse-05xl","53":"pa_groesse-01xs","54":"pa_groesse-06xxl","55":"shop_modelle-awdis-jh001-college-hoodie","57":"first","58":"instock","59":"taxable","60":"shipping-taxable","61":"purchasable","62":"product-type-variable"},"jetpack_sharing_enabled":true,"jetpack_likes_enabled":true,"_links":{"self":[{"href":"https:\/\/derrudelshop.de\/en\/wp-json\/wp\/v2\/product\/5158","targetHints":{"allow":["GET"]}}],"collection":[{"href":"https:\/\/derrudelshop.de\/en\/wp-json\/wp\/v2\/product"}],"about":[{"href":"https:\/\/derrudelshop.de\/en\/wp-json\/wp\/v2\/types\/product"}],"replies":[{"embeddable":true,"href":"https:\/\/derrudelshop.de\/en\/wp-json\/wp\/v2\/comments?post=5158"}],"version-history":[{"count":0,"href":"https:\/\/derrudelshop.de\/en\/wp-json\/wp\/v2\/product\/5158\/revisions"}],"wp:featuredmedia":[{"embeddable":true,"href":"https:\/\/derrudelshop.de\/en\/wp-json\/wp\/v2\/media\/5149"}],"wp:attachment":[{"href":"https:\/\/derrudelshop.de\/en\/wp-json\/wp\/v2\/media?parent=5158"}],"wp:term":[{"taxonomy":"product_meine-kategorie","embeddable":true,"href":"https:\/\/derrudelshop.de\/en\/wp-json\/wp\/v2\/product_meine-kategorie?post=5158"},{"taxonomy":"product_mypod","embeddable":true,"href":"https:\/\/derrudelshop.de\/en\/wp-json\/wp\/v2\/product_mypod?post=5158"},{"taxonomy":"product_meinemotivart","embeddable":true,"href":"https:\/\/derrudelshop.de\/en\/wp-json\/wp\/v2\/product_meinemotivart?post=5158"},{"taxonomy":"product_meinepersonalisierung","embeddable":true,"href":"https:\/\/derrudelshop.de\/en\/wp-json\/wp\/v2\/product_meinepersonalisierung?post=5158"},{"taxonomy":"product_mydesign","embeddable":true,"href":"https:\/\/derrudelshop.de\/en\/wp-json\/wp\/v2\/product_mydesign?post=5158"},{"taxonomy":"product_mymodelle_hunde","embeddable":true,"href":"https:\/\/derrudelshop.de\/en\/wp-json\/wp\/v2\/product_mymodelle_hunde?post=5158"},{"taxonomy":"product_mymodelle_schuhe","embeddable":true,"href":"https:\/\/derrudelshop.de\/en\/wp-json\/wp\/v2\/product_mymodelle_schuhe?post=5158"},{"taxonomy":"product_myslogan","embeddable":true,"href":"https:\/\/derrudelshop.de\/en\/wp-json\/wp\/v2\/product_myslogan?post=5158"},{"taxonomy":"product_mytodo","embeddable":true,"href":"https:\/\/derrudelshop.de\/en\/wp-json\/wp\/v2\/product_mytodo?post=5158"},{"taxonomy":"product_brand","embeddable":true,"href":"https:\/\/derrudelshop.de\/en\/wp-json\/wp\/v2\/product_brand?post=5158"},{"taxonomy":"product_cat","embeddable":true,"href":"https:\/\/derrudelshop.de\/en\/wp-json\/wp\/v2\/product_cat?post=5158"},{"taxonomy":"product_tag","embeddable":true,"href":"https:\/\/derrudelshop.de\/en\/wp-json\/wp\/v2\/product_tag?post=5158"},{"taxonomy":"shop_modelle","embeddable":true,"href":"https:\/\/derrudelshop.de\/en\/wp-json\/wp\/v2\/shop_modelle?post=5158"},{"taxonomy":"wf_product_folders","embeddable":true,"href":"https:\/\/derrudelshop.de\/en\/wp-json\/wp\/v2\/wf_product_folders?post=5158"}],"curies":[{"name":"wp","href":"https:\/\/api.w.org\/{rel}","templated":true}]}}