{"id":856,"date":"2024-12-25T23:54:00","date_gmt":"2024-12-25T23:54:00","guid":{"rendered":"https:\/\/derrudelshop.de\/product\/duschvorhang-cafe-wodka-valium-latte-wunschfarbe\/"},"modified":"2025-04-22T12:06:43","modified_gmt":"2025-04-22T12:06:43","slug":"duschvorhang-cafe-wodka-valium-latte-wunschfarbe","status":"publish","type":"product","link":"https:\/\/derrudelshop.de\/en\/product\/duschvorhang-cafe-wodka-valium-latte-wunschfarbe\/","title":{"rendered":"Duschvorhang Cafe Wodka Valium Latte *Wunschfarbe"},"content":{"rendered":"<p><strong>Materialbeschreibung:<\/strong><\/p>\n<p>&nbsp;<\/p>\n<p><strong>Wasserfestes Polyestergewebe.<\/strong><\/p>\n<p><strong>Produktgr\u00f6\u00dfe:<\/strong><\/p>\n<p>&nbsp;<\/p>\n<p><strong>183 cm x 183 cm<\/strong> (72&#8243; x 72&#8243;).<\/p>\n<p><strong>Gestaltungsbereich:<\/strong><\/p>\n<p>&nbsp;<\/p>\n<p><strong>Einseitiger Druck.<\/strong><\/p>\n<p><strong>Drucktechnik:<\/strong><\/p>\n<p>&nbsp;<\/p>\n<p><strong>Sublimation.<\/strong><\/p>\n<p><strong>Produktmerkmale:<\/strong><\/p>\n<p>&nbsp;<\/p>\n<p><strong>\ud83c\udf1f Wasserabweisend:<\/strong> Der Balltyp sorgt f\u00fcr effektiven Schutz vor Schimmel.<\/p>\n<p>&nbsp;<\/p>\n<p>\ud83c\udf2c\ufe0f <strong>Schnell trocknend:<\/strong> Hohe Effizienz und schnelles Trocknen!<\/p>\n<p>&nbsp;<\/p>\n<p>\ud83d\udd25 <strong>Hitzebest\u00e4ndig:<\/strong> Keine Verformung, f\u00fchlt sich einfach gro\u00dfartig an!<\/p>\n<p>&nbsp;<\/p>\n<p>\ud83d\udd12 <strong>Privatsph\u00e4re:<\/strong> Die Opazit\u00e4t sch\u00fctzt Ihre Privatsph\u00e4re und sorgt f\u00fcr ein angenehmes Gef\u00fchl.<\/p>\n<p>&nbsp;<\/p>\n<p>\ud83d\udd17 <strong>Metall-\u00d6sen:<\/strong> Das Design erm\u00f6glicht es, die Duschvorhanghaken nach Belieben zu ziehen.<\/p>\n<p>&nbsp;<\/p>\n<p>\ud83e\uddf5 <strong>Feine Verarbeitung:<\/strong> Mit feiner Nadel und Faden, zart und sch\u00f6n. Der gewichtete Bleiband sorgt f\u00fcr Windschutz und Temperaturstabilit\u00e4t.<\/p>\n<p><strong>Anwendungsbereich:<\/strong><\/p>\n<p>&nbsp;<\/p>\n<p><strong>Gestalten Sie wundersch\u00f6ne Muster, die zu Ihrer bestehenden Einrichtung passen! \ud83c\udfa8<\/strong><\/p>\n<p>&nbsp;<\/p>\n<p><strong>Perfekt als Geschenk f\u00fcr Familienfeiern, Feiertage und Geburtstage. Langlebig und nachhaltig f\u00fcr viele Jahre.<\/strong><\/p>\n<p><strong>Waschanleitung:<\/strong><\/p>\n<p>&nbsp;<\/p>\n<p><strong>\ud83e\uddfa Maschinenwaschbar:<\/strong> Strapazierf\u00e4hig und langlebig \u2013 spart Sorgen und M\u00fche!<\/p>\n<p>&nbsp;<\/p>\n<p>\ud83d\udca8 <strong>Bequem und schnell:<\/strong> Verblasst nicht nach dem Waschen.<\/p>","protected":false},"excerpt":{"rendered":"<p><strong>Materialbeschreibung:<\/strong><\/p>\n<p>&nbsp;<\/p>\n<p><strong>Wasserfestes Polyestergewebe.<\/strong><\/p>\n<p><strong>Produktgr\u00f6\u00dfe:<\/strong><\/p>\n<p>&nbsp;<\/p>\n<p><strong>183 cm x 183 cm<\/strong> (72&#8243; x 72&#8243;).<\/p>\n<p><strong>Gestaltungsbereich:<\/strong><\/p>\n<p>&nbsp;<\/p>\n<p><strong>Einseitiger Druck.<\/strong><\/p>\n<p><strong>Drucktechnik:<\/strong><\/p>\n<p>&nbsp;<\/p>\n<p><strong>Sublimation.<\/strong><\/p>\n<p><strong>Produktmerkmale:<\/strong><\/p>\n<p>&nbsp;<\/p>\n<p><strong>\ud83c\udf1f Wasserabweisend:<\/strong> Der Balltyp sorgt f\u00fcr effektiven Schutz vor Schimmel.<\/p>\n<p>&nbsp;<\/p>\n<p>\ud83c\udf2c\ufe0f <strong>Schnell trocknend:<\/strong> Hohe Effizienz und schnelles Trocknen!<\/p>\n<p>&nbsp;<\/p>\n<p>\ud83d\udd25 <strong>Hitzebest\u00e4ndig:<\/strong> Keine Verformung, f\u00fchlt sich einfach gro\u00dfartig an!<\/p>\n<p>&nbsp;<\/p>\n<p>\ud83d\udd12 <strong>Privatsph\u00e4re:<\/strong> Die Opazit\u00e4t sch\u00fctzt Ihre Privatsph\u00e4re und sorgt f\u00fcr ein angenehmes Gef\u00fchl.<\/p>\n<p>&nbsp;<\/p>\n<p>\ud83d\udd17 <strong>Metall-\u00d6sen:<\/strong> Das Design erm\u00f6glicht es, die Duschvorhanghaken nach Belieben zu ziehen.<\/p>\n<p>&nbsp;<\/p>\n<p>\ud83e\uddf5 <strong>Feine Verarbeitung:<\/strong> Mit feiner Nadel und Faden, zart und sch\u00f6n. Der gewichtete Bleiband sorgt f\u00fcr Windschutz und Temperaturstabilit\u00e4t.<\/p>\n<p><strong>Anwendungsbereich:<\/strong><\/p>\n<p>&nbsp;<\/p>\n<p><strong>Gestalten Sie wundersch\u00f6ne Muster, die zu Ihrer bestehenden Einrichtung passen! \ud83c\udfa8<\/strong><\/p>\n<p>&nbsp;<\/p>\n<p><strong>Perfekt als Geschenk f\u00fcr Familienfeiern, Feiertage und Geburtstage. Langlebig und nachhaltig f\u00fcr viele Jahre.<\/strong><\/p>\n<p><strong>Waschanleitung:<\/strong><\/p>\n<p>&nbsp;<\/p>\n<p><strong>\ud83e\uddfa Maschinenwaschbar:<\/strong> Strapazierf\u00e4hig und langlebig \u2013 spart Sorgen und M\u00fche!<\/p>\n<p>&nbsp;<\/p>\n<p>\ud83d\udca8 <strong>Bequem und schnell:<\/strong> Verblasst nicht nach dem Waschen.<strong>Materialbeschreibung:<\/strong><\/p>\n<p>&nbsp;<\/p>\n<p>Wasserfestes Polyestergewebe.<\/p>\n<p><strong>Produktgr\u00f6\u00dfe:<\/strong><\/p>\n<p>&nbsp;<\/p>\n<p><strong>183 cm x 183 cm<\/strong> (72&#8243; x 72&#8243;).<\/p>\n<p><strong>Gestaltungsbereich:<\/strong><\/p>\n<p>&nbsp;<\/p>\n<p>Einseitiger Druck.<\/p>\n<p><strong>Drucktechnik:<\/strong><\/p>\n<p>&nbsp;<\/p>\n<p>Sublimation.<\/p>\n<p><strong>Produktmerkmale:<\/strong><\/p>\n<p>&nbsp;<\/p>\n<p>\ud83c\udf1f <strong>Wasserabweisend:<\/strong> Der Balltyp sorgt f\u00fcr effektiven Schutz vor Schimmel.<\/p>\n<p>&nbsp;<\/p>\n<p>\ud83c\udf2c\ufe0f <strong>Schnell trocknend:<\/strong> Hohe Effizienz und schnelles Trocknen!<\/p>\n<p>&nbsp;<\/p>\n<p>\ud83d\udd25 <strong>Hitzebest\u00e4ndig:<\/strong> Keine Verformung, f\u00fchlt sich einfach gro\u00dfartig an!<\/p>\n<p>&nbsp;<\/p>\n<p>\ud83d\udd12 <strong>Privatsph\u00e4re:<\/strong> Die Opazit\u00e4t sch\u00fctzt Ihre Privatsph\u00e4re und sorgt f\u00fcr ein angenehmes Gef\u00fchl.<\/p>\n<p>&nbsp;<\/p>\n<p>\ud83d\udd17 <strong>Metall-\u00d6sen:<\/strong> Das Design erm\u00f6glicht es, die Duschvorhanghaken nach Belieben zu ziehen.<\/p>\n<p>&nbsp;<\/p>\n<p>\ud83e\uddf5 <strong>Feine Verarbeitung:<\/strong> Mit feiner Nadel und Faden, zart und sch\u00f6n. Der gewichtete Bleiband sorgt f\u00fcr Windschutz und Temperaturstabilit\u00e4t.<\/p>\n<p><strong>Anwendungsbereich:<\/strong><\/p>\n<p>&nbsp;<\/p>\n<p>Gestalten Sie wundersch\u00f6ne Muster, die zu Ihrer bestehenden Einrichtung passen! \ud83c\udfa8<\/p>\n<p>&nbsp;<\/p>\n<p>Perfekt als Geschenk f\u00fcr Familienfeiern, Feiertage und Geburtstage. Langlebig und nachhaltig f\u00fcr viele Jahre.<\/p>\n<p><strong>Waschanleitung:<\/strong><\/p>\n<p>&nbsp;<\/p>\n<p>\ud83e\uddfa <strong>Maschinenwaschbar:<\/strong> Strapazierf\u00e4hig und langlebig \u2013 spart Sorgen und M\u00fche!<\/p>\n<p>&nbsp;<\/p>\n<ul>\n<li>\ud83d\udca8 <strong>Bequem und schnell:<\/strong> Verblasst nicht nach dem Waschen.<\/li>\n<\/ul>","protected":false},"featured_media":847,"comment_status":"open","ping_status":"closed","template":"","meta":{"give_campaign_id":0,"product_produkt-link-pod-manuell":"","product_produktname-pod-manuell":""},"product_meine-kategorie":[603,602],"product_mypod":[626],"product_meinemotivart":[714],"product_meinepersonalisierung":[678],"product_mydesign":[644],"product_mymodelle_hunde":[],"product_mymodelle_schuhe":[],"product_myslogan":[],"product_mytodo":[693,696,698,702,704],"product_brand":[],"product_cat":[357,317],"product_tag":[],"shop_modelle":[],"wf_product_folders":[356,355],"class_list":{"0":"post-856","1":"product","2":"type-product","3":"status-publish","4":"has-post-thumbnail","6":"product_meine-kategorie-bad","7":"product_meine-kategorie-wohnen","8":"product_mypod-printkk","9":"product_meinemotivart-druck","10":"product_meinepersonalisierung-wunschfarbe","11":"product_mydesign-cafe-schoko-valium-latte","12":"product_mytodo-_feddisch","13":"product_mytodo-designs_done","14":"product_mytodo-kategorien_done","15":"product_mytodo-personalisierung_done","16":"product_mytodo-translation_done","17":"product_cat-wohnen","18":"product_cat-wunschfarbe-hintergrund","20":"first","21":"instock","22":"taxable","23":"shipping-taxable","24":"purchasable","25":"product-type-variable"},"jetpack_sharing_enabled":true,"jetpack_likes_enabled":true,"_links":{"self":[{"href":"https:\/\/derrudelshop.de\/en\/wp-json\/wp\/v2\/product\/856","targetHints":{"allow":["GET"]}}],"collection":[{"href":"https:\/\/derrudelshop.de\/en\/wp-json\/wp\/v2\/product"}],"about":[{"href":"https:\/\/derrudelshop.de\/en\/wp-json\/wp\/v2\/types\/product"}],"replies":[{"embeddable":true,"href":"https:\/\/derrudelshop.de\/en\/wp-json\/wp\/v2\/comments?post=856"}],"version-history":[{"count":0,"href":"https:\/\/derrudelshop.de\/en\/wp-json\/wp\/v2\/product\/856\/revisions"}],"wp:featuredmedia":[{"embeddable":true,"href":"https:\/\/derrudelshop.de\/en\/wp-json\/wp\/v2\/media\/847"}],"wp:attachment":[{"href":"https:\/\/derrudelshop.de\/en\/wp-json\/wp\/v2\/media?parent=856"}],"wp:term":[{"taxonomy":"product_meine-kategorie","embeddable":true,"href":"https:\/\/derrudelshop.de\/en\/wp-json\/wp\/v2\/product_meine-kategorie?post=856"},{"taxonomy":"product_mypod","embeddable":true,"href":"https:\/\/derrudelshop.de\/en\/wp-json\/wp\/v2\/product_mypod?post=856"},{"taxonomy":"product_meinemotivart","embeddable":true,"href":"https:\/\/derrudelshop.de\/en\/wp-json\/wp\/v2\/product_meinemotivart?post=856"},{"taxonomy":"product_meinepersonalisierung","embeddable":true,"href":"https:\/\/derrudelshop.de\/en\/wp-json\/wp\/v2\/product_meinepersonalisierung?post=856"},{"taxonomy":"product_mydesign","embeddable":true,"href":"https:\/\/derrudelshop.de\/en\/wp-json\/wp\/v2\/product_mydesign?post=856"},{"taxonomy":"product_mymodelle_hunde","embeddable":true,"href":"https:\/\/derrudelshop.de\/en\/wp-json\/wp\/v2\/product_mymodelle_hunde?post=856"},{"taxonomy":"product_mymodelle_schuhe","embeddable":true,"href":"https:\/\/derrudelshop.de\/en\/wp-json\/wp\/v2\/product_mymodelle_schuhe?post=856"},{"taxonomy":"product_myslogan","embeddable":true,"href":"https:\/\/derrudelshop.de\/en\/wp-json\/wp\/v2\/product_myslogan?post=856"},{"taxonomy":"product_mytodo","embeddable":true,"href":"https:\/\/derrudelshop.de\/en\/wp-json\/wp\/v2\/product_mytodo?post=856"},{"taxonomy":"product_brand","embeddable":true,"href":"https:\/\/derrudelshop.de\/en\/wp-json\/wp\/v2\/product_brand?post=856"},{"taxonomy":"product_cat","embeddable":true,"href":"https:\/\/derrudelshop.de\/en\/wp-json\/wp\/v2\/product_cat?post=856"},{"taxonomy":"product_tag","embeddable":true,"href":"https:\/\/derrudelshop.de\/en\/wp-json\/wp\/v2\/product_tag?post=856"},{"taxonomy":"shop_modelle","embeddable":true,"href":"https:\/\/derrudelshop.de\/en\/wp-json\/wp\/v2\/shop_modelle?post=856"},{"taxonomy":"wf_product_folders","embeddable":true,"href":"https:\/\/derrudelshop.de\/en\/wp-json\/wp\/v2\/wf_product_folders?post=856"}],"curies":[{"name":"wp","href":"https:\/\/api.w.org\/{rel}","templated":true}]}}