{"id":9460,"date":"2025-04-17T13:25:00","date_gmt":"2025-04-17T13:25:00","guid":{"rendered":"https:\/\/derrudelshop.de\/?post_type=product&#038;p=9460"},"modified":"2025-05-04T10:38:00","modified_gmt":"2025-05-04T10:38:00","slug":"oversized-unisex-t-shirt-twitterrudel-logo-lwbt-armel","status":"publish","type":"product","link":"https:\/\/derrudelshop.de\/en\/product\/oversized-unisex-t-shirt-twitterrudel-logo-lwbt-armel\/","title":{"rendered":"Oversized Unisex T-Shirt Twitterrudel Logo LWBT \u00c4rmel"},"content":{"rendered":"<ul class=\"listMCE\">\n<li>\nOversized geschnittenes T-Shirt mit geripptem Rundhalsausschnitt und Seitenn\u00e4hten\n<\/li>\n<li>\nMit Nackenband und Doppel-Ziernaht-Detail\n<\/li>\n<li>\nEinfaches Gr\u00f6\u00dfenlabel\n<\/li>\n<li>\nRobuste Stoffdichte: 190 g\/m\u00b2\n<\/li>\n<li>\nMaterial: 100% Baumwolle\n<\/li>\n<li>\nMarke: AWDis\n<\/li>\n<\/ul>\n<div class=\"size-table\">\n<div class=\"size-image-wrapper\"><img decoding=\"async\" src=\"https:\/\/image.spreadshirtmedia.net\/image-server\/v1\/productTypes\/3029\/variants\/size?width=200&amp;height=200\" width=\"200\" height=\"200\" alt=\"Oversized Unisex T-Shirt\" \/><\/p>\n<div class=\"size-hint\">normal<\/div>\n<\/div>\n<div class=\"size-table-wrapper\">\n<table>\n<thead>\n<tr>\n<th><\/th>\n<th class=\"measure-name\">A<\/th>\n<th class=\"measure-name\">B<\/th>\n<th class=\"measure-name\">C<\/th>\n<\/tr>\n<\/thead>\n<tbody>\n<tr class=\"size size-2\">\n<td class=\"size-cell\">S<\/td>\n<td class=\"measure-cell measure-cell-0\">700 mm<\/td>\n<td class=\"measure-cell measure-cell-1\">540 mm<\/td>\n<td class=\"measure-cell measure-cell-2\">250 mm<\/td>\n<\/tr>\n<tr class=\"size size-3\">\n<td class=\"size-cell\">M<\/td>\n<td class=\"measure-cell measure-cell-0\">730 mm<\/td>\n<td class=\"measure-cell measure-cell-1\">580 mm<\/td>\n<td class=\"measure-cell measure-cell-2\">260 mm<\/td>\n<\/tr>\n<tr class=\"size size-4\">\n<td class=\"size-cell\">L<\/td>\n<td class=\"measure-cell measure-cell-0\">760 mm<\/td>\n<td class=\"measure-cell measure-cell-1\">620 mm<\/td>\n<td class=\"measure-cell measure-cell-2\">270 mm<\/td>\n<\/tr>\n<tr class=\"size size-5\">\n<td class=\"size-cell\">XL<\/td>\n<td class=\"measure-cell measure-cell-0\">790 mm<\/td>\n<td class=\"measure-cell measure-cell-1\">660 mm<\/td>\n<td class=\"measure-cell measure-cell-2\">280 mm<\/td>\n<\/tr>\n<tr class=\"size size-6\">\n<td class=\"size-cell\">XXL<\/td>\n<td class=\"measure-cell measure-cell-0\">820 mm<\/td>\n<td class=\"measure-cell measure-cell-1\">700 mm<\/td>\n<td class=\"measure-cell measure-cell-2\">290 mm<\/td>\n<\/tr>\n<\/tbody>\n<\/table>\n<\/div>\n<\/div>","protected":false},"excerpt":{"rendered":"<p>Oversized geschnittenes T-Shirt mit geripptem Rundhalsausschnitt und Seitenn\u00e4hten Mit Nackenband und Doppel-Ziernaht-Detail Einfaches Gr\u00f6\u00dfenlabel Robuste Stoffdichte: 190 g\/m\u00b2 Material: 100% Baumwolle Marke: AWDis normal A B C S 700 mm 540 mm 250 mm M 730 mm 580 mm 260 mm L 760 mm 620 mm 270 mm XL 790 mm 660 mm 280 mm [&hellip;]<\/p>","protected":false},"featured_media":9457,"comment_status":"open","ping_status":"closed","template":"","meta":{"give_campaign_id":0,"product_produkt-link-pod-manuell":"","product_produktname-pod-manuell":""},"product_meine-kategorie":[561,563],"product_mypod":[638],"product_meinemotivart":[714],"product_meinepersonalisierung":[],"product_mydesign":[639],"product_mymodelle_hunde":[],"product_mymodelle_schuhe":[],"product_myslogan":[],"product_mytodo":[693,696,698,700,708,702,704,961],"product_brand":[],"product_cat":[334],"product_tag":[],"shop_modelle":[102],"wf_product_folders":[431,432],"class_list":{"0":"post-9460","1":"product","2":"type-product","3":"status-publish","4":"has-post-thumbnail","6":"product_meine-kategorie-kleidung","7":"product_meine-kategorie-t-shirts","8":"product_mypod-spod","9":"product_meinemotivart-druck","10":"product_mydesign-twitterrudel-logo","11":"product_mytodo-_feddisch","12":"product_mytodo-designs_done","13":"product_mytodo-kategorien_done","14":"product_mytodo-modelle_done","15":"product_mytodo-motivart_done","16":"product_mytodo-personalisierung_done","17":"product_mytodo-translation_done","18":"product_mytodo-zchild-parent-modell-","19":"product_cat-kleidung","20":"pa_farbe-anthrazit","21":"pa_farbe-azalea","22":"pa_farbe-beige","23":"pa_farbe-bordeaux","24":"pa_farbe-dunkellila","25":"pa_farbe-flaschengrun","26":"pa_farbe-grau-meliert","27":"pa_farbe-graugrun","28":"pa_farbe-hellgrau-meliert","29":"pa_farbe-kelly-green","30":"pa_farbe-lavendel","31":"pa_farbe-mittelgrau","32":"pa_farbe-mokka","33":"pa_farbe-naturweis","34":"pa_farbe-navy","35":"pa_farbe-nebelblau","36":"pa_farbe-pastellturkis","37":"pa_farbe-pfirsich","38":"pa_farbe-pink","39":"pa_farbe-rot","40":"pa_farbe-royalblau","41":"pa_farbe-sahara","42":"pa_farbe-schwarz","43":"pa_farbe-tiefseeblau","44":"pa_farbe-vanille-milchshake","45":"pa_farbe-weis","46":"pa_farbe-weis-meliert","47":"pa_farbe-zitronengelb","48":"pa_groesse-07_3xl","49":"pa_groesse-08_4xl","50":"pa_groesse-04l","51":"pa_groesse-03m","52":"pa_groesse-02s","53":"pa_groesse-05xl","54":"pa_groesse-01xs","55":"pa_groesse-06xxl","56":"shop_modelle-awdis-jt009-oversize-t-shirt","58":"first","59":"instock","60":"taxable","61":"shipping-taxable","62":"purchasable","63":"product-type-variable"},"jetpack_sharing_enabled":true,"jetpack_likes_enabled":true,"_links":{"self":[{"href":"https:\/\/derrudelshop.de\/en\/wp-json\/wp\/v2\/product\/9460","targetHints":{"allow":["GET"]}}],"collection":[{"href":"https:\/\/derrudelshop.de\/en\/wp-json\/wp\/v2\/product"}],"about":[{"href":"https:\/\/derrudelshop.de\/en\/wp-json\/wp\/v2\/types\/product"}],"replies":[{"embeddable":true,"href":"https:\/\/derrudelshop.de\/en\/wp-json\/wp\/v2\/comments?post=9460"}],"version-history":[{"count":0,"href":"https:\/\/derrudelshop.de\/en\/wp-json\/wp\/v2\/product\/9460\/revisions"}],"wp:featuredmedia":[{"embeddable":true,"href":"https:\/\/derrudelshop.de\/en\/wp-json\/wp\/v2\/media\/9457"}],"wp:attachment":[{"href":"https:\/\/derrudelshop.de\/en\/wp-json\/wp\/v2\/media?parent=9460"}],"wp:term":[{"taxonomy":"product_meine-kategorie","embeddable":true,"href":"https:\/\/derrudelshop.de\/en\/wp-json\/wp\/v2\/product_meine-kategorie?post=9460"},{"taxonomy":"product_mypod","embeddable":true,"href":"https:\/\/derrudelshop.de\/en\/wp-json\/wp\/v2\/product_mypod?post=9460"},{"taxonomy":"product_meinemotivart","embeddable":true,"href":"https:\/\/derrudelshop.de\/en\/wp-json\/wp\/v2\/product_meinemotivart?post=9460"},{"taxonomy":"product_meinepersonalisierung","embeddable":true,"href":"https:\/\/derrudelshop.de\/en\/wp-json\/wp\/v2\/product_meinepersonalisierung?post=9460"},{"taxonomy":"product_mydesign","embeddable":true,"href":"https:\/\/derrudelshop.de\/en\/wp-json\/wp\/v2\/product_mydesign?post=9460"},{"taxonomy":"product_mymodelle_hunde","embeddable":true,"href":"https:\/\/derrudelshop.de\/en\/wp-json\/wp\/v2\/product_mymodelle_hunde?post=9460"},{"taxonomy":"product_mymodelle_schuhe","embeddable":true,"href":"https:\/\/derrudelshop.de\/en\/wp-json\/wp\/v2\/product_mymodelle_schuhe?post=9460"},{"taxonomy":"product_myslogan","embeddable":true,"href":"https:\/\/derrudelshop.de\/en\/wp-json\/wp\/v2\/product_myslogan?post=9460"},{"taxonomy":"product_mytodo","embeddable":true,"href":"https:\/\/derrudelshop.de\/en\/wp-json\/wp\/v2\/product_mytodo?post=9460"},{"taxonomy":"product_brand","embeddable":true,"href":"https:\/\/derrudelshop.de\/en\/wp-json\/wp\/v2\/product_brand?post=9460"},{"taxonomy":"product_cat","embeddable":true,"href":"https:\/\/derrudelshop.de\/en\/wp-json\/wp\/v2\/product_cat?post=9460"},{"taxonomy":"product_tag","embeddable":true,"href":"https:\/\/derrudelshop.de\/en\/wp-json\/wp\/v2\/product_tag?post=9460"},{"taxonomy":"shop_modelle","embeddable":true,"href":"https:\/\/derrudelshop.de\/en\/wp-json\/wp\/v2\/shop_modelle?post=9460"},{"taxonomy":"wf_product_folders","embeddable":true,"href":"https:\/\/derrudelshop.de\/en\/wp-json\/wp\/v2\/wf_product_folders?post=9460"}],"curies":[{"name":"wp","href":"https:\/\/api.w.org\/{rel}","templated":true}]}}