{"id":987,"date":"2025-01-03T12:04:00","date_gmt":"2025-01-03T12:04:00","guid":{"rendered":"https:\/\/derrudelshop.de\/?post_type=product&#038;p=987"},"modified":"2025-04-22T12:06:43","modified_gmt":"2025-04-22T12:06:43","slug":"t-shirt-dummy-size-chart-test","status":"publish","type":"product","link":"https:\/\/derrudelshop.de\/en\/product\/t-shirt-dummy-size-chart-test\/","title":{"rendered":"T-Shirt Dummy Size Chart Test"},"content":{"rendered":"<h2>Einzigartige Personalisierung<\/h2>\n<p>Unser schlichtes V-Ausschnitt T-Shirt bietet Ihnen die M\u00f6glichkeit, es mit einem Namen und Bild zu personalisieren. Dieses Design ist ideal, um Ihre kreativen Ideen zum Leben zu erwecken.<\/p>\n<h2>Hohe Qualit\u00e4t und Komfort<\/h2>\n<p>Das T-Shirt besteht aus hochwertigen Materialien, die f\u00fcr weichen Tragekomfort sorgen. Egal, ob f\u00fcr den Alltag oder besondere Anl\u00e4sse, mit diesem V-Ausschnitt T-Shirt machen Sie immer eine gute Figur.<\/p>\n<h2>Perfektes Geschenk<\/h2>\n<p>\u00dcberraschen Sie Freunde und Familie mit einem einzigartigen, personalisierten Geschenk! Das schlicht designte T-Shirt l\u00e4sst sich vielseitig kombinieren und sorgt f\u00fcr Freude bei jedem Anlass.<\/p>","protected":false},"excerpt":{"rendered":"<p>Einzigartige Personalisierung Unser schlichtes V-Ausschnitt T-Shirt bietet Ihnen die M\u00f6glichkeit, es mit einem Namen und Bild zu personalisieren. Dieses Design ist ideal, um Ihre kreativen Ideen zum Leben zu erwecken. Hohe Qualit\u00e4t und Komfort Das T-Shirt besteht aus hochwertigen Materialien, die f\u00fcr weichen Tragekomfort sorgen. Egal, ob f\u00fcr den Alltag oder besondere Anl\u00e4sse, mit diesem [&hellip;]<\/p>","protected":false},"featured_media":526,"comment_status":"open","ping_status":"closed","template":"","meta":{"give_campaign_id":0,"product_produkt-link-pod-manuell":"","product_produktname-pod-manuell":""},"product_meine-kategorie":[],"product_mypod":[634],"product_meinemotivart":[715],"product_meinepersonalisierung":[677,680],"product_mydesign":[],"product_mymodelle_hunde":[],"product_mymodelle_schuhe":[],"product_myslogan":[],"product_mytodo":[702],"product_brand":[],"product_cat":[314,15,315],"product_tag":[],"shop_modelle":[171],"wf_product_folders":[354],"class_list":{"0":"post-987","1":"product","2":"type-product","3":"status-publish","4":"has-post-thumbnail","6":"product_mypod-printify","7":"product_meinemotivart-flockdruck","8":"product_meinepersonalisierung-wunschbild","9":"product_meinepersonalisierung-wunschname","10":"product_mytodo-personalisierung_done","11":"product_cat-_wunschname","12":"product_cat-uncategorized","13":"product_cat-wunschbild","14":"pa_stick_farben_jp-farbe-01","15":"pa_stick_farben_jp-farbe-02","16":"pa_stick_farben_jp-farbe-03","17":"pa_stick_farben_jp-farbe-04","18":"pa_stick_farben_jp-farbe-05","19":"pa_stick_farben_jp-farbe-06","20":"pa_stick_farben_jp-farbe-07","21":"pa_stick_farben_jp-farbe-08","22":"pa_stick_farben_jp-farbe-09","23":"pa_stick_farben_jp-farbe-10","24":"pa_stick_farben_jp-farbe-11","25":"pa_stick_farben_jp-farbe-12","26":"pa_stick_farben_jp-farbe-13","27":"pa_stick_farben_jp-farbe-14","28":"pa_stick_farben_jp-farbe-15","29":"shop_modelle-stanley-stella-presenter-sttm562","31":"first","32":"instock","33":"taxable","34":"shipping-taxable","35":"purchasable","36":"product-type-simple"},"jetpack_sharing_enabled":true,"jetpack_likes_enabled":true,"_links":{"self":[{"href":"https:\/\/derrudelshop.de\/en\/wp-json\/wp\/v2\/product\/987","targetHints":{"allow":["GET"]}}],"collection":[{"href":"https:\/\/derrudelshop.de\/en\/wp-json\/wp\/v2\/product"}],"about":[{"href":"https:\/\/derrudelshop.de\/en\/wp-json\/wp\/v2\/types\/product"}],"replies":[{"embeddable":true,"href":"https:\/\/derrudelshop.de\/en\/wp-json\/wp\/v2\/comments?post=987"}],"version-history":[{"count":0,"href":"https:\/\/derrudelshop.de\/en\/wp-json\/wp\/v2\/product\/987\/revisions"}],"wp:featuredmedia":[{"embeddable":true,"href":"https:\/\/derrudelshop.de\/en\/wp-json\/wp\/v2\/media\/526"}],"wp:attachment":[{"href":"https:\/\/derrudelshop.de\/en\/wp-json\/wp\/v2\/media?parent=987"}],"wp:term":[{"taxonomy":"product_meine-kategorie","embeddable":true,"href":"https:\/\/derrudelshop.de\/en\/wp-json\/wp\/v2\/product_meine-kategorie?post=987"},{"taxonomy":"product_mypod","embeddable":true,"href":"https:\/\/derrudelshop.de\/en\/wp-json\/wp\/v2\/product_mypod?post=987"},{"taxonomy":"product_meinemotivart","embeddable":true,"href":"https:\/\/derrudelshop.de\/en\/wp-json\/wp\/v2\/product_meinemotivart?post=987"},{"taxonomy":"product_meinepersonalisierung","embeddable":true,"href":"https:\/\/derrudelshop.de\/en\/wp-json\/wp\/v2\/product_meinepersonalisierung?post=987"},{"taxonomy":"product_mydesign","embeddable":true,"href":"https:\/\/derrudelshop.de\/en\/wp-json\/wp\/v2\/product_mydesign?post=987"},{"taxonomy":"product_mymodelle_hunde","embeddable":true,"href":"https:\/\/derrudelshop.de\/en\/wp-json\/wp\/v2\/product_mymodelle_hunde?post=987"},{"taxonomy":"product_mymodelle_schuhe","embeddable":true,"href":"https:\/\/derrudelshop.de\/en\/wp-json\/wp\/v2\/product_mymodelle_schuhe?post=987"},{"taxonomy":"product_myslogan","embeddable":true,"href":"https:\/\/derrudelshop.de\/en\/wp-json\/wp\/v2\/product_myslogan?post=987"},{"taxonomy":"product_mytodo","embeddable":true,"href":"https:\/\/derrudelshop.de\/en\/wp-json\/wp\/v2\/product_mytodo?post=987"},{"taxonomy":"product_brand","embeddable":true,"href":"https:\/\/derrudelshop.de\/en\/wp-json\/wp\/v2\/product_brand?post=987"},{"taxonomy":"product_cat","embeddable":true,"href":"https:\/\/derrudelshop.de\/en\/wp-json\/wp\/v2\/product_cat?post=987"},{"taxonomy":"product_tag","embeddable":true,"href":"https:\/\/derrudelshop.de\/en\/wp-json\/wp\/v2\/product_tag?post=987"},{"taxonomy":"shop_modelle","embeddable":true,"href":"https:\/\/derrudelshop.de\/en\/wp-json\/wp\/v2\/shop_modelle?post=987"},{"taxonomy":"wf_product_folders","embeddable":true,"href":"https:\/\/derrudelshop.de\/en\/wp-json\/wp\/v2\/wf_product_folders?post=987"}],"curies":[{"name":"wp","href":"https:\/\/api.w.org\/{rel}","templated":true}]}}